{"id":7810,"date":"2017-02-08T09:59:59","date_gmt":"2017-02-08T09:59:59","guid":{"rendered":"https:\/\/hacismailltd.net\/?page_id=7810"},"modified":"2023-01-05T15:51:19","modified_gmt":"2023-01-05T15:51:19","slug":"%d8%a7%d8%aa%d8%b5%d9%84-%d8%a8%d9%86%d8%a7-%d9%81%d8%b1%d8%b9-%d8%aa%d8%b1%d9%83%d9%8a%d8%a7","status":"publish","type":"page","link":"https:\/\/hacismailltd.net\/ar\/%d8%a7%d8%aa%d8%b5%d9%84-%d8%a8%d9%86%d8%a7-%d9%81%d8%b1%d8%b9-%d8%aa%d8%b1%d9%83%d9%8a%d8%a7\/","title":{"rendered":"\u0627\u062a\u0635\u0644 \u0628\u0646\u0627 &#8211; \u0641\u0631\u0639 \u062a\u0631\u0643\u064a\u0627"},"content":{"rendered":"\t\t<div data-elementor-type=\"wp-page\" data-elementor-id=\"7810\" class=\"elementor elementor-7810 elementor-1184\" data-elementor-post-type=\"page\">\n\t\t\t\t\t\t<section class=\"elementor-section elementor-top-section elementor-element elementor-element-31b6dac elementor-section-boxed elementor-section-height-default elementor-section-height-default\" data-id=\"31b6dac\" data-element_type=\"section\">\n\t\t\t\t\t\t<div class=\"elementor-container elementor-column-gap-default\">\n\t\t\t\t\t<div class=\"elementor-column elementor-col-50 elementor-top-column elementor-element elementor-element-31b72ac\" data-id=\"31b72ac\" data-element_type=\"column\" data-settings=\"{&quot;background_background&quot;:&quot;classic&quot;}\">\n\t\t\t<div class=\"elementor-widget-wrap elementor-element-populated\">\n\t\t\t\t\t\t<div class=\"elementor-element elementor-element-31b7703 elementor-widget elementor-widget-vc_custom_heading\" data-id=\"31b7703\" data-element_type=\"widget\" data-widget_type=\"vc_custom_heading.default\">\n\t\t\t\t<div class=\"elementor-widget-container\">\n\t\t\t\t\t<div class=\" vc_custom_heading  consulting_heading_font  text_align_right\" ><h2 style=\"text-align: right;font-weight:700\" class=\"consulting-custom-title\">\u0627\u062a\u0635\u0644 \u0628\u0646\u0627\n<\/h2><\/div>\t\t\t\t<\/div>\n\t\t\t\t<\/div>\n\t\t\t\t<div class=\"elementor-element elementor-element-31b79db elementor-widget elementor-widget-text-editor\" data-id=\"31b79db\" data-element_type=\"widget\" data-widget_type=\"text-editor.default\">\n\t\t\t\t<div class=\"elementor-widget-container\">\n\t\t\t\t\t\t\t\t\t<p>\u064a\u0631\u062c\u0649 \u0627\u0644\u062a\u0648\u0627\u0635\u0644 \u0645\u0639\u0646\u0627 \u0625\u0630\u0627 \u0643\u0627\u0646 \u0644\u062f\u064a\u0643 \u0623\u064a \u0633\u0624\u0627\u0644 \u0623\u0648 \u062a\u0631\u064a\u062f \u062a\u0631\u0643 \u062a\u0639\u0644\u064a\u0642 \u0623\u0648 \u062a\u0631\u063a\u0628 \u0628\u0645\u0632\u064a\u062f \u0645\u0646 \u0627\u0644\u0645\u0639\u0644\u0648\u0645\u0627\u062a \u062d\u0648\u0644 \u062e\u062f\u0645\u0627\u062a\u0646\u0627.<\/p>\n\t\t\t\t\t\t\t\t<\/div>\n\t\t\t\t<\/div>\n\t\t\t\t<div class=\"elementor-element elementor-element-31b7c2a elementor-widget elementor-widget-vc_custom_heading\" data-id=\"31b7c2a\" data-element_type=\"widget\" data-widget_type=\"vc_custom_heading.default\">\n\t\t\t\t<div class=\"elementor-widget-container\">\n\t\t\t\t\t<div class=\" vc_custom_heading border_base_color consulting_heading_font  text_align_right title_no_stripe\" ><h3 style=\"font-size: 20px;color: #222222;text-align: right;line-height: 45px;font-weight:700\" class=\"consulting-custom-title\">\u0641\u0631\u0639 \u062a\u0631\u0643\u064a\u0627\n<\/h3><\/div>\t\t\t\t<\/div>\n\t\t\t\t<\/div>\n\t\t\t\t<section class=\"elementor-section elementor-top-section elementor-element elementor-element-31b7e5a elementor-section-boxed elementor-section-height-default elementor-section-height-default\" data-id=\"31b7e5a\" data-element_type=\"section\">\n\t\t\t\t\t\t<div class=\"elementor-container elementor-column-gap-default\">\n\t\t\t\t\t<div class=\"elementor-column elementor-col-50 elementor-top-column elementor-element elementor-element-31b82da\" data-id=\"31b82da\" data-element_type=\"column\" data-settings=\"{&quot;background_background&quot;:&quot;classic&quot;}\">\n\t\t\t<div class=\"elementor-widget-wrap elementor-element-populated\">\n\t\t\t\t\t\t<div class=\"elementor-element elementor-element-31b86c2 elementor-widget elementor-widget-stm_contacts_widget\" data-id=\"31b86c2\" data-element_type=\"widget\" data-widget_type=\"stm_contacts_widget.default\">\n\t\t\t\t<div class=\"elementor-widget-container\">\n\t\t\t\t\t\n<div class=\"stm_contacts_widget consulting_elementor_contacts_widget style_4 \">\n    \n    \n    \n        <ul>\n                            <li>\n                    <div class=\"icon\"><i class=\"fa fa-map-marker\"><\/i><\/div>\n                    <div class=\"text\">Ni\u015fanta\u015f Mah. Dr.M. Hulusi Baybal Cad. H.Ulu\u015fahin \u0130\u015f Merkezi B Blok No:5 D:608 Sel\u00e7uklu \/ KONYA<\/div>\n                <\/li>\n                                        <li>\n                    <div class=\"icon\"><i class=\"fa fa-phone\"><\/i><\/div>\n                    <div class=\"text\">\n                        00905533325503                                            <\/div>\n                <\/li>\n                                                        <\/ul>\n        \n    \n<\/div>\t\t\t\t<\/div>\n\t\t\t\t<\/div>\n\t\t\t\t\t<\/div>\n\t\t<\/div>\n\t\t\t\t<div class=\"elementor-column elementor-col-50 elementor-top-column elementor-element elementor-element-31b8776\" data-id=\"31b8776\" data-element_type=\"column\" data-settings=\"{&quot;background_background&quot;:&quot;classic&quot;}\">\n\t\t\t<div class=\"elementor-widget-wrap elementor-element-populated\">\n\t\t\t\t\t\t<div class=\"elementor-element elementor-element-31b8adf elementor-widget elementor-widget-stm_contacts_widget\" data-id=\"31b8adf\" data-element_type=\"widget\" data-widget_type=\"stm_contacts_widget.default\">\n\t\t\t\t<div class=\"elementor-widget-container\">\n\t\t\t\t\t\n<div class=\"stm_contacts_widget consulting_elementor_contacts_widget style_4 \">\n    \n    \n    \n        <ul>\n                                                                <li>\n                    <div class=\"icon\"><i class=\"fa fa-envelope\"><\/i><\/div>\n                    <div class=\"text\"><a href=\"mailto:i&#110;&#102;&#111;&#64;&#104;&#97;&#99;&#105;s&#109;&#97;&#105;ll&#116;&#100;.&#99;om\">in&#102;o&#64;&#104;a&#99;i&#115;&#109;&#97;&#105;ll&#116;&#100;&#46;co&#109;<\/a><\/div>\n                <\/li>\n                                        <li>\n                    <div class=\"icon\"><i class=\"fa fa-clock-o\" aria-hidden=\"true\"><\/i><\/div>\n                    <div class=\"text\">\u0627\u0644\u0625\u062b\u0646\u064a\u0646 - \u0627\u0644\u0633\u0628\u062a, \u0645\u0646 \u0627\u0644\u0633\u0627\u0639\u0629 09 \u0635\u0628\u0627\u062d\u064b\u0627 \u0648 \u062d\u062a\u0649 07 \u0645\u0633\u0627\u0621\u064b\n<br>\n\u0627\u0644\u0623\u062d\u062f: \u0645\u063a\u0644\u0642\n<\/div>\n                <\/li>\n                    <\/ul>\n                    <ul class=\"socials\">\n                                                                    <li><a href=\"https:\/\/www.linkedin.com\/company\/haciismail-ltd\/\" target=\"_blank\" class=\"social-linkedin\"><i class=\"fa fa-linkedin\"><\/i><\/a><\/li>\n                                                            <\/ul>\n        \n    \n<\/div>\t\t\t\t<\/div>\n\t\t\t\t<\/div>\n\t\t\t\t\t<\/div>\n\t\t<\/div>\n\t\t\t\t\t<\/div>\n\t\t<\/section>\n\t\t\t\t\t<\/div>\n\t\t<\/div>\n\t\t\t\t<div class=\"elementor-column elementor-col-50 elementor-top-column elementor-element elementor-element-fe46cb5\" data-id=\"fe46cb5\" data-element_type=\"column\" data-settings=\"{&quot;background_background&quot;:&quot;classic&quot;}\">\n\t\t\t<div class=\"elementor-widget-wrap elementor-element-populated\">\n\t\t\t\t\t\t<div class=\"elementor-element elementor-element-46c11fc elementor-widget elementor-widget-vc_custom_heading\" data-id=\"46c11fc\" data-element_type=\"widget\" data-widget_type=\"vc_custom_heading.default\">\n\t\t\t\t<div class=\"elementor-widget-container\">\n\t\t\t\t\t<div class=\" vc_custom_heading  consulting_heading_font  text_align_right\" ><h4 style=\"text-align: right;font-weight:700\" class=\"consulting-custom-title\">\u0646\u0645\u0648\u0630\u062c \u0627\u0644\u062a\u0648\u0627\u0635\u0644 \u0627\u0644\u0633\u0631\u064a\u0639\n<\/h4><\/div>\t\t\t\t<\/div>\n\t\t\t\t<\/div>\n\t\t\t\t<div class=\"elementor-element elementor-element-8a94bb2 elementor-widget elementor-widget-stm_contact_form_7\" data-id=\"8a94bb2\" data-element_type=\"widget\" data-widget_type=\"stm_contact_form_7.default\">\n\t\t\t\t<div class=\"elementor-widget-container\">\n\t\t\t\t\t\n<div class=\"wpcf7 no-js\" id=\"wpcf7-f7807-o1\" lang=\"ar\" dir=\"rtl\" data-wpcf7-id=\"7807\">\n<div class=\"screen-reader-response\"><p role=\"status\" aria-live=\"polite\" aria-atomic=\"true\"><\/p> <ul><\/ul><\/div>\n<form action=\"\/ar\/wp-json\/wp\/v2\/pages\/7810#wpcf7-f7807-o1\" method=\"post\" class=\"wpcf7-form init\" aria-label=\"\u0646\u0645\u0648\u0630\u062c \u0627\u0644\u0627\u062a\u0635\u0627\u0644\" novalidate=\"novalidate\" data-status=\"init\">\n<div style=\"display: none;\">\n<input type=\"hidden\" name=\"_wpcf7\" value=\"7807\" \/>\n<input type=\"hidden\" name=\"_wpcf7_version\" value=\"6.0.5\" \/>\n<input type=\"hidden\" name=\"_wpcf7_locale\" value=\"ar\" \/>\n<input type=\"hidden\" name=\"_wpcf7_unit_tag\" value=\"wpcf7-f7807-o1\" \/>\n<input type=\"hidden\" name=\"_wpcf7_container_post\" value=\"0\" \/>\n<input type=\"hidden\" name=\"_wpcf7_posted_data_hash\" value=\"\" \/>\n<input type=\"hidden\" name=\"_wpcf7_recaptcha_response\" value=\"\" \/>\n<\/div>\n<div class=\"request_callback\">\n        <div class=\"input-group\">\n            <span class=\"wpcf7-form-control-wrap\" data-name=\"text-name\"><input size=\"40\" maxlength=\"400\" class=\"wpcf7-form-control wpcf7-text wpcf7-validates-as-required\" aria-required=\"true\" aria-invalid=\"false\" placeholder=\"\u0627\u0633\u0645\u0643 \u0627\u0644\u0643\u0627\u0645\u0644 *\" value=\"\" type=\"text\" name=\"text-name\" \/><\/span>\n        <\/div>\n        <div class=\"input-group\">\n            <span class=\"wpcf7-form-control-wrap\" data-name=\"tel-6\"><input size=\"40\" maxlength=\"400\" class=\"wpcf7-form-control wpcf7-tel wpcf7-validates-as-required wpcf7-text wpcf7-validates-as-tel\" aria-required=\"true\" aria-invalid=\"false\" placeholder=\"\u0631\u0642\u0645 \u0627\u0644\u0645\u0648\u0628\u0627\u064a\u0644 *\" value=\"\" type=\"tel\" name=\"tel-6\" \/><\/span>\n        <\/div>\n        <div class=\"input-group\">\n            <span class=\"wpcf7-form-control-wrap\" data-name=\"email\"><input size=\"40\" maxlength=\"400\" class=\"wpcf7-form-control wpcf7-email wpcf7-validates-as-required wpcf7-text wpcf7-validates-as-email\" aria-required=\"true\" aria-invalid=\"false\" placeholder=\"\u0628\u0631\u064a\u062f\u0643 \u0627\u0644\u0627\u0644\u0643\u062a\u0631\u0648\u0646\u064a *\" value=\"\" type=\"email\" name=\"email\" \/><\/span>\n        <\/div>\n        <div class=\"input-group\">\n            <span class=\"wpcf7-form-control-wrap\" data-name=\"subject\"><input size=\"40\" maxlength=\"400\" class=\"wpcf7-form-control wpcf7-text wpcf7-validates-as-required\" aria-required=\"true\" aria-invalid=\"false\" placeholder=\"\u0639\u0646\u0648\u0627\u0646 \u0627\u0644\u0631\u0633\u0627\u0644\u0629 *\" value=\"\" type=\"text\" name=\"subject\" \/><\/span>\n        <\/div>\n        <div class=\"input-group\">\n            <span class=\"wpcf7-form-control-wrap\" data-name=\"message\"><textarea cols=\"40\" rows=\"10\" maxlength=\"2000\" class=\"wpcf7-form-control wpcf7-textarea wpcf7-validates-as-required height147\" aria-required=\"true\" aria-invalid=\"false\" placeholder=\"\u0631\u0633\u0627\u0644\u062a\u0643 *\" name=\"message\"><\/textarea><\/span>\n        <\/div>\n\n\n\n        <div class=\"input-group\">\n            <button type=\"submit\" class=\"button size-lg icon_right\">\u0625\u0631\u0633\u0627\u0644 <i class=\"fa fa-chevron-right\"><\/i><\/button>\n        <\/div>\n<\/div><div class=\"wpcf7-response-output\" aria-hidden=\"true\"><\/div>\n<\/form>\n<\/div>\n\t\t\t\t\t\t<\/div>\n\t\t\t\t<\/div>\n\t\t\t\t\t<\/div>\n\t\t<\/div>\n\t\t\t\t\t<\/div>\n\t\t<\/section>\n\t\t\t\t<section class=\"elementor-section elementor-top-section elementor-element elementor-element-31bb01c elementor-section-full_width elementor-section-height-default elementor-section-height-default\" data-id=\"31bb01c\" data-element_type=\"section\" data-settings=\"{&quot;background_background&quot;:&quot;classic&quot;}\">\n\t\t\t\t\t\t<div class=\"elementor-container elementor-column-gap-no\">\n\t\t\t\t\t<div class=\"elementor-column elementor-col-100 elementor-top-column elementor-element elementor-element-31bb4bc\" data-id=\"31bb4bc\" data-element_type=\"column\">\n\t\t\t<div class=\"elementor-widget-wrap elementor-element-populated\">\n\t\t\t\t\t\t<div class=\"elementor-element elementor-element-31bb85a elementor-widget elementor-widget-google_maps\" data-id=\"31bb85a\" data-element_type=\"widget\" data-widget_type=\"google_maps.default\">\n\t\t\t\t<div class=\"elementor-widget-container\">\n\t\t\t\t\t\t\t<div class=\"elementor-custom-embed\">\n\t\t\t<iframe loading=\"lazy\"\n\t\t\t\t\tsrc=\"https:\/\/maps.google.com\/maps?q=Ni%C5%9Fanta%C5%9F%20Mah.%20Dr.M.%20Hulusi%20Baybal%20Cad.%20H.Ulu%C5%9Fahin%20%C4%B0%C5%9F%20Merkezi%20B%20Blok%20No%3A5%20D%3A608%20Sel%C3%A7uklu%20%2F%20KONYA&#038;t=m&#038;z=10&#038;output=embed&#038;iwloc=near\"\n\t\t\t\t\ttitle=\"Ni\u015fanta\u015f Mah. Dr.M. Hulusi Baybal Cad. H.Ulu\u015fahin \u0130\u015f Merkezi B Blok No:5 D:608 Sel\u00e7uklu \/ KONYA\"\n\t\t\t\t\taria-label=\"Ni\u015fanta\u015f Mah. Dr.M. Hulusi Baybal Cad. H.Ulu\u015fahin \u0130\u015f Merkezi B Blok No:5 D:608 Sel\u00e7uklu \/ KONYA\"\n\t\t\t><\/iframe>\n\t\t<\/div>\n\t\t\t\t\t\t<\/div>\n\t\t\t\t<\/div>\n\t\t\t\t\t<\/div>\n\t\t<\/div>\n\t\t\t\t\t<\/div>\n\t\t<\/section>\n\t\t\t\t<\/div>\n\t\t","protected":false},"excerpt":{"rendered":"<p>\u0627\u062a\u0635\u0644 \u0628\u0646\u0627 \u064a\u0631\u062c\u0649 \u0627\u0644\u062a\u0648\u0627\u0635\u0644 \u0645\u0639\u0646\u0627 \u0625\u0630\u0627 \u0643\u0627\u0646 \u0644\u062f\u064a\u0643 \u0623\u064a \u0633\u0624\u0627\u0644 \u0623\u0648 \u062a\u0631\u064a\u062f \u062a\u0631\u0643 \u062a\u0639\u0644\u064a\u0642 \u0623\u0648 \u062a\u0631\u063a\u0628 \u0628\u0645\u0632\u064a\u062f \u0645\u0646 \u0627\u0644\u0645\u0639\u0644\u0648\u0645\u0627\u062a \u062d\u0648\u0644 \u062e\u062f\u0645\u0627\u062a\u0646\u0627. \u0641\u0631\u0639 \u062a\u0631\u0643\u064a\u0627 Ni\u015fanta\u015f Mah. Dr.M. Hulusi Baybal Cad. H.Ulu\u015fahin \u0130\u015f Merkezi B Blok No:5 D:608 Sel\u00e7uklu \/ KONYA 00905533325503 info&#64;h&#97;&#99;&#105;s&#109;a&#105;l&#108;td&#46;&#99;&#111;&#109; \u0627\u0644\u0625\u062b\u0646\u064a\u0646 &#8211; \u0627\u0644\u0633\u0628\u062a, \u0645\u0646 \u0627\u0644\u0633\u0627\u0639\u0629 09 \u0635\u0628\u0627\u062d\u064b\u0627 \u0648 \u062d\u062a\u0649 07 \u0645\u0633\u0627\u0621\u064b \u0627\u0644\u0623\u062d\u062f: \u0645\u063a\u0644\u0642 \u0646\u0645\u0648\u0630\u062c<\/p>\n","protected":false},"author":1,"featured_media":0,"parent":0,"menu_order":0,"comment_status":"closed","ping_status":"closed","template":"","meta":{"footnotes":""},"class_list":["post-7810","page","type-page","status-publish","hentry"],"yoast_head":"<!-- This site is optimized with the Yoast SEO plugin v24.7 - https:\/\/yoast.com\/wordpress\/plugins\/seo\/ -->\n<title>\u0627\u062a\u0635\u0644 \u0628\u0646\u0627 - \u0641\u0631\u0639 \u062a\u0631\u0643\u064a\u0627 - Hacismail LTD<\/title>\n<meta name=\"robots\" content=\"index, follow, max-snippet:-1, max-image-preview:large, max-video-preview:-1\" \/>\n<link rel=\"canonical\" href=\"https:\/\/hacismailltd.net\/ar\/%d8%a7%d8%aa%d8%b5%d9%84-%d8%a8%d9%86%d8%a7-%d9%81%d8%b1%d8%b9-%d8%aa%d8%b1%d9%83%d9%8a%d8%a7\/\" \/>\n<meta property=\"og:locale\" content=\"ar_AR\" \/>\n<meta property=\"og:type\" content=\"article\" \/>\n<meta property=\"og:title\" content=\"\u0627\u062a\u0635\u0644 \u0628\u0646\u0627 - \u0641\u0631\u0639 \u062a\u0631\u0643\u064a\u0627 - Hacismail LTD\" \/>\n<meta property=\"og:description\" content=\"\u0627\u062a\u0635\u0644 \u0628\u0646\u0627 \u064a\u0631\u062c\u0649 \u0627\u0644\u062a\u0648\u0627\u0635\u0644 \u0645\u0639\u0646\u0627 \u0625\u0630\u0627 \u0643\u0627\u0646 \u0644\u062f\u064a\u0643 \u0623\u064a \u0633\u0624\u0627\u0644 \u0623\u0648 \u062a\u0631\u064a\u062f \u062a\u0631\u0643 \u062a\u0639\u0644\u064a\u0642 \u0623\u0648 \u062a\u0631\u063a\u0628 \u0628\u0645\u0632\u064a\u062f \u0645\u0646 \u0627\u0644\u0645\u0639\u0644\u0648\u0645\u0627\u062a \u062d\u0648\u0644 \u062e\u062f\u0645\u0627\u062a\u0646\u0627. \u0641\u0631\u0639 \u062a\u0631\u0643\u064a\u0627 Ni\u015fanta\u015f Mah. Dr.M. Hulusi Baybal Cad. H.Ulu\u015fahin \u0130\u015f Merkezi B Blok No:5 D:608 Sel\u00e7uklu \/ KONYA 00905533325503 info&#064;h&#097;&#099;&#105;s&#109;a&#105;l&#108;td&#046;&#099;&#111;&#109; \u0627\u0644\u0625\u062b\u0646\u064a\u0646 &#8211; \u0627\u0644\u0633\u0628\u062a, \u0645\u0646 \u0627\u0644\u0633\u0627\u0639\u0629 09 \u0635\u0628\u0627\u062d\u064b\u0627 \u0648 \u062d\u062a\u0649 07 \u0645\u0633\u0627\u0621\u064b \u0627\u0644\u0623\u062d\u062f: \u0645\u063a\u0644\u0642 \u0646\u0645\u0648\u0630\u062c\" \/>\n<meta property=\"og:url\" content=\"https:\/\/hacismailltd.net\/ar\/%d8%a7%d8%aa%d8%b5%d9%84-%d8%a8%d9%86%d8%a7-%d9%81%d8%b1%d8%b9-%d8%aa%d8%b1%d9%83%d9%8a%d8%a7\/\" \/>\n<meta property=\"og:site_name\" content=\"Hacismail LTD\" \/>\n<meta property=\"article:modified_time\" content=\"2023-01-05T15:51:19+00:00\" \/>\n<meta name=\"twitter:card\" content=\"summary_large_image\" \/>\n<meta name=\"twitter:label1\" content=\"\u0648\u0642\u062a \u0627\u0644\u0642\u0631\u0627\u0621\u0629 \u0627\u0644\u0645\u064f\u0642\u062f\u0651\u0631\" \/>\n\t<meta name=\"twitter:data1\" content=\"1 \u062f\u0642\u064a\u0642\u0629\" \/>\n<script type=\"application\/ld+json\" class=\"yoast-schema-graph\">{\"@context\":\"https:\/\/schema.org\",\"@graph\":[{\"@type\":\"WebPage\",\"@id\":\"https:\/\/hacismailltd.net\/ar\/%d8%a7%d8%aa%d8%b5%d9%84-%d8%a8%d9%86%d8%a7-%d9%81%d8%b1%d8%b9-%d8%aa%d8%b1%d9%83%d9%8a%d8%a7\/\",\"url\":\"https:\/\/hacismailltd.net\/ar\/%d8%a7%d8%aa%d8%b5%d9%84-%d8%a8%d9%86%d8%a7-%d9%81%d8%b1%d8%b9-%d8%aa%d8%b1%d9%83%d9%8a%d8%a7\/\",\"name\":\"\u0627\u062a\u0635\u0644 \u0628\u0646\u0627 - \u0641\u0631\u0639 \u062a\u0631\u0643\u064a\u0627 - Hacismail LTD\",\"isPartOf\":{\"@id\":\"https:\/\/hacismailltd.net\/ar\/#website\"},\"datePublished\":\"2017-02-08T09:59:59+00:00\",\"dateModified\":\"2023-01-05T15:51:19+00:00\",\"breadcrumb\":{\"@id\":\"https:\/\/hacismailltd.net\/ar\/%d8%a7%d8%aa%d8%b5%d9%84-%d8%a8%d9%86%d8%a7-%d9%81%d8%b1%d8%b9-%d8%aa%d8%b1%d9%83%d9%8a%d8%a7\/#breadcrumb\"},\"inLanguage\":\"ar\",\"potentialAction\":[{\"@type\":\"ReadAction\",\"target\":[\"https:\/\/hacismailltd.net\/ar\/%d8%a7%d8%aa%d8%b5%d9%84-%d8%a8%d9%86%d8%a7-%d9%81%d8%b1%d8%b9-%d8%aa%d8%b1%d9%83%d9%8a%d8%a7\/\"]}]},{\"@type\":\"BreadcrumbList\",\"@id\":\"https:\/\/hacismailltd.net\/ar\/%d8%a7%d8%aa%d8%b5%d9%84-%d8%a8%d9%86%d8%a7-%d9%81%d8%b1%d8%b9-%d8%aa%d8%b1%d9%83%d9%8a%d8%a7\/#breadcrumb\",\"itemListElement\":[{\"@type\":\"ListItem\",\"position\":1,\"name\":\"Home\",\"item\":\"https:\/\/hacismailltd.net\/ar\/\"},{\"@type\":\"ListItem\",\"position\":2,\"name\":\"\u0627\u062a\u0635\u0644 \u0628\u0646\u0627 &#8211; \u0641\u0631\u0639 \u062a\u0631\u0643\u064a\u0627\"}]},{\"@type\":\"WebSite\",\"@id\":\"https:\/\/hacismailltd.net\/ar\/#website\",\"url\":\"https:\/\/hacismailltd.net\/ar\/\",\"name\":\"Hacismail LTD\",\"description\":\"\u0634\u0631\u0643\u0629 \u062d\u062c\u064a \u0625\u0633\u0645\u0627\u0639\u064a\u0644\",\"publisher\":{\"@id\":\"https:\/\/hacismailltd.net\/ar\/#organization\"},\"alternateName\":\"\u0634\u0631\u0643\u0629 \u062d\u062c \u0625\u0633\u0645\u0627\u0639\u064a\u0644\",\"potentialAction\":[{\"@type\":\"SearchAction\",\"target\":{\"@type\":\"EntryPoint\",\"urlTemplate\":\"https:\/\/hacismailltd.net\/ar\/?s={search_term_string}\"},\"query-input\":{\"@type\":\"PropertyValueSpecification\",\"valueRequired\":true,\"valueName\":\"search_term_string\"}}],\"inLanguage\":\"ar\"},{\"@type\":\"Organization\",\"@id\":\"https:\/\/hacismailltd.net\/ar\/#organization\",\"name\":\"Hacismail LTD\",\"alternateName\":\"\u0634\u0631\u0643\u0629 \u062d\u062c \u0625\u0633\u0645\u0627\u0639\u064a\u0644\",\"url\":\"https:\/\/hacismailltd.net\/ar\/\",\"logo\":{\"@type\":\"ImageObject\",\"inLanguage\":\"ar\",\"@id\":\"https:\/\/hacismailltd.net\/ar\/#\/schema\/logo\/image\/\",\"url\":\"https:\/\/hacismailltd.net\/wp-content\/uploads\/2022\/12\/logo.png\",\"contentUrl\":\"https:\/\/hacismailltd.net\/wp-content\/uploads\/2022\/12\/logo.png\",\"width\":849,\"height\":1010,\"caption\":\"Hacismail LTD\"},\"image\":{\"@id\":\"https:\/\/hacismailltd.net\/ar\/#\/schema\/logo\/image\/\"},\"sameAs\":[\"https:\/\/www.linkedin.com\/company\/haciismail-ltd\"]}]}<\/script>\n<!-- \/ Yoast SEO plugin. -->","yoast_head_json":{"title":"\u0627\u062a\u0635\u0644 \u0628\u0646\u0627 - \u0641\u0631\u0639 \u062a\u0631\u0643\u064a\u0627 - Hacismail LTD","robots":{"index":"index","follow":"follow","max-snippet":"max-snippet:-1","max-image-preview":"max-image-preview:large","max-video-preview":"max-video-preview:-1"},"canonical":"https:\/\/hacismailltd.net\/ar\/%d8%a7%d8%aa%d8%b5%d9%84-%d8%a8%d9%86%d8%a7-%d9%81%d8%b1%d8%b9-%d8%aa%d8%b1%d9%83%d9%8a%d8%a7\/","og_locale":"ar_AR","og_type":"article","og_title":"\u0627\u062a\u0635\u0644 \u0628\u0646\u0627 - \u0641\u0631\u0639 \u062a\u0631\u0643\u064a\u0627 - Hacismail LTD","og_description":"\u0627\u062a\u0635\u0644 \u0628\u0646\u0627 \u064a\u0631\u062c\u0649 \u0627\u0644\u062a\u0648\u0627\u0635\u0644 \u0645\u0639\u0646\u0627 \u0625\u0630\u0627 \u0643\u0627\u0646 \u0644\u062f\u064a\u0643 \u0623\u064a \u0633\u0624\u0627\u0644 \u0623\u0648 \u062a\u0631\u064a\u062f \u062a\u0631\u0643 \u062a\u0639\u0644\u064a\u0642 \u0623\u0648 \u062a\u0631\u063a\u0628 \u0628\u0645\u0632\u064a\u062f \u0645\u0646 \u0627\u0644\u0645\u0639\u0644\u0648\u0645\u0627\u062a \u062d\u0648\u0644 \u062e\u062f\u0645\u0627\u062a\u0646\u0627. \u0641\u0631\u0639 \u062a\u0631\u0643\u064a\u0627 Ni\u015fanta\u015f Mah. Dr.M. Hulusi Baybal Cad. H.Ulu\u015fahin \u0130\u015f Merkezi B Blok No:5 D:608 Sel\u00e7uklu \/ KONYA 00905533325503 info&#64;h&#97;&#99;&#105;s&#109;a&#105;l&#108;td&#46;&#99;&#111;&#109; \u0627\u0644\u0625\u062b\u0646\u064a\u0646 &#8211; \u0627\u0644\u0633\u0628\u062a, \u0645\u0646 \u0627\u0644\u0633\u0627\u0639\u0629 09 \u0635\u0628\u0627\u062d\u064b\u0627 \u0648 \u062d\u062a\u0649 07 \u0645\u0633\u0627\u0621\u064b \u0627\u0644\u0623\u062d\u062f: \u0645\u063a\u0644\u0642 \u0646\u0645\u0648\u0630\u062c","og_url":"https:\/\/hacismailltd.net\/ar\/%d8%a7%d8%aa%d8%b5%d9%84-%d8%a8%d9%86%d8%a7-%d9%81%d8%b1%d8%b9-%d8%aa%d8%b1%d9%83%d9%8a%d8%a7\/","og_site_name":"Hacismail LTD","article_modified_time":"2023-01-05T15:51:19+00:00","twitter_card":"summary_large_image","twitter_misc":{"\u0648\u0642\u062a \u0627\u0644\u0642\u0631\u0627\u0621\u0629 \u0627\u0644\u0645\u064f\u0642\u062f\u0651\u0631":"1 \u062f\u0642\u064a\u0642\u0629"},"schema":{"@context":"https:\/\/schema.org","@graph":[{"@type":"WebPage","@id":"https:\/\/hacismailltd.net\/ar\/%d8%a7%d8%aa%d8%b5%d9%84-%d8%a8%d9%86%d8%a7-%d9%81%d8%b1%d8%b9-%d8%aa%d8%b1%d9%83%d9%8a%d8%a7\/","url":"https:\/\/hacismailltd.net\/ar\/%d8%a7%d8%aa%d8%b5%d9%84-%d8%a8%d9%86%d8%a7-%d9%81%d8%b1%d8%b9-%d8%aa%d8%b1%d9%83%d9%8a%d8%a7\/","name":"\u0627\u062a\u0635\u0644 \u0628\u0646\u0627 - \u0641\u0631\u0639 \u062a\u0631\u0643\u064a\u0627 - Hacismail LTD","isPartOf":{"@id":"https:\/\/hacismailltd.net\/ar\/#website"},"datePublished":"2017-02-08T09:59:59+00:00","dateModified":"2023-01-05T15:51:19+00:00","breadcrumb":{"@id":"https:\/\/hacismailltd.net\/ar\/%d8%a7%d8%aa%d8%b5%d9%84-%d8%a8%d9%86%d8%a7-%d9%81%d8%b1%d8%b9-%d8%aa%d8%b1%d9%83%d9%8a%d8%a7\/#breadcrumb"},"inLanguage":"ar","potentialAction":[{"@type":"ReadAction","target":["https:\/\/hacismailltd.net\/ar\/%d8%a7%d8%aa%d8%b5%d9%84-%d8%a8%d9%86%d8%a7-%d9%81%d8%b1%d8%b9-%d8%aa%d8%b1%d9%83%d9%8a%d8%a7\/"]}]},{"@type":"BreadcrumbList","@id":"https:\/\/hacismailltd.net\/ar\/%d8%a7%d8%aa%d8%b5%d9%84-%d8%a8%d9%86%d8%a7-%d9%81%d8%b1%d8%b9-%d8%aa%d8%b1%d9%83%d9%8a%d8%a7\/#breadcrumb","itemListElement":[{"@type":"ListItem","position":1,"name":"Home","item":"https:\/\/hacismailltd.net\/ar\/"},{"@type":"ListItem","position":2,"name":"\u0627\u062a\u0635\u0644 \u0628\u0646\u0627 &#8211; \u0641\u0631\u0639 \u062a\u0631\u0643\u064a\u0627"}]},{"@type":"WebSite","@id":"https:\/\/hacismailltd.net\/ar\/#website","url":"https:\/\/hacismailltd.net\/ar\/","name":"Hacismail LTD","description":"\u0634\u0631\u0643\u0629 \u062d\u062c\u064a \u0625\u0633\u0645\u0627\u0639\u064a\u0644","publisher":{"@id":"https:\/\/hacismailltd.net\/ar\/#organization"},"alternateName":"\u0634\u0631\u0643\u0629 \u062d\u062c \u0625\u0633\u0645\u0627\u0639\u064a\u0644","potentialAction":[{"@type":"SearchAction","target":{"@type":"EntryPoint","urlTemplate":"https:\/\/hacismailltd.net\/ar\/?s={search_term_string}"},"query-input":{"@type":"PropertyValueSpecification","valueRequired":true,"valueName":"search_term_string"}}],"inLanguage":"ar"},{"@type":"Organization","@id":"https:\/\/hacismailltd.net\/ar\/#organization","name":"Hacismail LTD","alternateName":"\u0634\u0631\u0643\u0629 \u062d\u062c \u0625\u0633\u0645\u0627\u0639\u064a\u0644","url":"https:\/\/hacismailltd.net\/ar\/","logo":{"@type":"ImageObject","inLanguage":"ar","@id":"https:\/\/hacismailltd.net\/ar\/#\/schema\/logo\/image\/","url":"https:\/\/hacismailltd.net\/wp-content\/uploads\/2022\/12\/logo.png","contentUrl":"https:\/\/hacismailltd.net\/wp-content\/uploads\/2022\/12\/logo.png","width":849,"height":1010,"caption":"Hacismail LTD"},"image":{"@id":"https:\/\/hacismailltd.net\/ar\/#\/schema\/logo\/image\/"},"sameAs":["https:\/\/www.linkedin.com\/company\/haciismail-ltd"]}]}},"_links":{"self":[{"href":"https:\/\/hacismailltd.net\/ar\/wp-json\/wp\/v2\/pages\/7810","targetHints":{"allow":["GET"]}}],"collection":[{"href":"https:\/\/hacismailltd.net\/ar\/wp-json\/wp\/v2\/pages"}],"about":[{"href":"https:\/\/hacismailltd.net\/ar\/wp-json\/wp\/v2\/types\/page"}],"author":[{"embeddable":true,"href":"https:\/\/hacismailltd.net\/ar\/wp-json\/wp\/v2\/users\/1"}],"replies":[{"embeddable":true,"href":"https:\/\/hacismailltd.net\/ar\/wp-json\/wp\/v2\/comments?post=7810"}],"version-history":[{"count":0,"href":"https:\/\/hacismailltd.net\/ar\/wp-json\/wp\/v2\/pages\/7810\/revisions"}],"wp:attachment":[{"href":"https:\/\/hacismailltd.net\/ar\/wp-json\/wp\/v2\/media?parent=7810"}],"curies":[{"name":"wp","href":"https:\/\/api.w.org\/{rel}","templated":true}]}}